{"id":2,"date":"2013-09-08T11:20:16","date_gmt":"2013-09-08T09:20:16","guid":{"rendered":"http:\/\/www.meinewahlhebamme.at\/?page_id=2"},"modified":"2022-01-24T21:39:03","modified_gmt":"2022-01-24T20:39:03","slug":"2-2","status":"publish","type":"page","link":"https:\/\/www.meinewahlhebamme.at\/","title":{"rendered":""},"content":{"rendered":"<p style=\"text-align: left;\">Der Beginn eines neuen Lebens ist eine ganz besondere Zeit im Leben eines Menschen.<br \/>\nSowohl in der Schwangerschaft, als auch unter der Geburt und im Wochenbett gibt es oft Unsicherheiten, \u00c4ngste und Sorgen &#8211; aber auch Gl\u00fcck, Liebe und Vorfreude.<br \/>\nWir begleiten in dieser turbulenten Zeit durch\u00a0H\u00f6hen und Tiefen&#8230;<\/p>\n<p style=\"text-align: left;\">Hebammen&#8230;<\/p>\n<ul style=\"text-align: left;\">\n<li>st\u00e4rken<\/li>\n<li>beruhigen<\/li>\n<li>helfen<\/li>\n<li>sch\u00fctzen<\/li>\n<li>beantworten.<\/li>\n<\/ul>\n<p style=\"text-align: left;\">Schwerpunkte sind:<\/p>\n<ul style=\"text-align: left;\">\n<li>individuelle Geburtvorbereitung<\/li>\n<li>Betreuung bereits vor oder w\u00e4hrend der Schwangerschaft<\/li>\n<li>Begleitung zur Geburt<a href=\"http:\/\/www.meinewahlhebamme.at\/?page_id=258\/\"><br \/>\n<\/a><\/li>\n<li>Betreuung im Wochenbett<\/li>\n<\/ul>\n<p>&nbsp;<\/p>\n<p style=\"text-align: center;\"><a title=\"Jua Skorge, MSc\" href=\"http:\/\/www.meinewahlhebamme.at\/?page_id=258\"> <strong>Jua Skorge, MSc<\/strong><\/a><\/p>\n<p style=\"text-align: center;\"><a href=\"http:\/\/www.meinewahlhebamme.at\/?page_id=506\"><strong>Sandra Simlik, BSc<\/strong><\/a><\/p>\n","protected":false},"excerpt":{"rendered":"<p>Der Beginn eines neuen Lebens ist eine ganz besondere Zeit im Leben eines Menschen. Sowohl in der Schwangerschaft, als auch unter der Geburt und im Wochenbett gibt es oft Unsicherheiten, \u00c4ngste und Sorgen &#8211; aber auch Gl\u00fcck, Liebe und Vorfreude. Wir begleiten in dieser turbulenten Zeit durch\u00a0H\u00f6hen und Tiefen&#8230; Hebammen&#8230; st\u00e4rken beruhigen helfen sch\u00fctzen beantworten. [&hellip;]<\/p>\n","protected":false},"author":1,"featured_media":0,"parent":0,"menu_order":0,"comment_status":"closed","ping_status":"closed","template":"","meta":{"footnotes":""},"class_list":["post-2","page","type-page","status-publish","hentry"],"_links":{"self":[{"href":"https:\/\/www.meinewahlhebamme.at\/index.php?rest_route=\/wp\/v2\/pages\/2","targetHints":{"allow":["GET"]}}],"collection":[{"href":"https:\/\/www.meinewahlhebamme.at\/index.php?rest_route=\/wp\/v2\/pages"}],"about":[{"href":"https:\/\/www.meinewahlhebamme.at\/index.php?rest_route=\/wp\/v2\/types\/page"}],"author":[{"embeddable":true,"href":"https:\/\/www.meinewahlhebamme.at\/index.php?rest_route=\/wp\/v2\/users\/1"}],"replies":[{"embeddable":true,"href":"https:\/\/www.meinewahlhebamme.at\/index.php?rest_route=%2Fwp%2Fv2%2Fcomments&post=2"}],"version-history":[{"count":59,"href":"https:\/\/www.meinewahlhebamme.at\/index.php?rest_route=\/wp\/v2\/pages\/2\/revisions"}],"predecessor-version":[{"id":598,"href":"https:\/\/www.meinewahlhebamme.at\/index.php?rest_route=\/wp\/v2\/pages\/2\/revisions\/598"}],"wp:attachment":[{"href":"https:\/\/www.meinewahlhebamme.at\/index.php?rest_route=%2Fwp%2Fv2%2Fmedia&parent=2"}],"curies":[{"name":"wp","href":"https:\/\/api.w.org\/{rel}","templated":true}]}}